{"id":1059,"date":"2025-08-01T18:59:07","date_gmt":"2025-08-01T18:59:07","guid":{"rendered":"https:\/\/argon83portfolio.com\/marfundingles\/?page_id=1059"},"modified":"2026-05-08T14:22:40","modified_gmt":"2026-05-08T14:22:40","slug":"miembros-fundadores","status":"publish","type":"page","link":"https:\/\/argon83portfolio.com\/marfundingles\/miembros-fundadores\/","title":{"rendered":"Miembros Fundadores"},"content":{"rendered":"\t\t<div data-elementor-type=\"wp-page\" data-elementor-id=\"1059\" class=\"elementor elementor-1059\" data-elementor-post-type=\"page\">\n\t\t\t\t<div class=\"elementor-element elementor-element-38c7cb55 e-flex e-con-boxed e-con e-parent\" data-id=\"38c7cb55\" data-element_type=\"container\" data-e-type=\"container\" data-settings=\"{&quot;background_background&quot;:&quot;classic&quot;}\">\n\t\t\t\t\t<div class=\"e-con-inner\">\n\t\t\t\t<div class=\"elementor-element elementor-element-16a32c4e elementor-invisible elementor-widget elementor-widget-elementskit-heading\" data-id=\"16a32c4e\" data-element_type=\"widget\" data-e-type=\"widget\" data-settings=\"{&quot;_animation&quot;:&quot;fadeInUp&quot;}\" data-widget_type=\"elementskit-heading.default\">\n\t\t\t\t<div class=\"elementor-widget-container\">\n\t\t\t\t\t<div class=\"ekit-wid-con\" ><div class=\"ekit-heading elementskit-section-title-wraper text_center   ekit_heading_tablet-   ekit_heading_mobile-\"><h2 class=\"ekit-heading--title elementskit-section-title \">Miembros Fundadores<\/h2>\t\t\t\t<div class='ekit-heading__description'>\n\t\t\t\t\t<p>Dado su rol como instituci\u00f3n regional que coordina y recauda fondos, MAR Fund se apoya de una manera especial en los miembros fundadores de cada pa\u00eds, para que sean \u00e9stos los que brinden la supervisi\u00f3n, el monitoreo y la evaluaci\u00f3n a las entidades\/beneficiarias. Los fondos nacionales existentes, con muy pocas excepciones, cuentan con las habilidades y la capacidad para llevar a cabo dichas funciones adecuadamente.<\/p>\n\t\t\t\t<\/div>\n\t\t\t<\/div><\/div>\t\t\t\t<\/div>\n\t\t\t\t<\/div>\n\t\t<div class=\"elementor-element elementor-element-2bd9aa00 e-flex e-con-boxed e-con e-child\" data-id=\"2bd9aa00\" data-element_type=\"container\" data-e-type=\"container\">\n\t\t\t\t\t<div class=\"e-con-inner\">\n\t\t<div class=\"elementor-element elementor-element-130a354d e-con-full e-flex e-con e-child\" data-id=\"130a354d\" data-element_type=\"container\" data-e-type=\"container\">\n\t\t<div class=\"elementor-element elementor-element-6037b9f6 e-flex e-con-boxed e-con e-child\" data-id=\"6037b9f6\" data-element_type=\"container\" data-e-type=\"container\">\n\t\t\t\t\t<div class=\"e-con-inner\">\n\t\t<div class=\"elementor-element elementor-element-4f3eaadd e-flex e-con-boxed elementor-invisible e-con e-child\" data-id=\"4f3eaadd\" data-element_type=\"container\" data-e-type=\"container\" data-settings=\"{&quot;background_background&quot;:&quot;classic&quot;,&quot;animation&quot;:&quot;fadeInLeft&quot;}\">\n\t\t\t\t\t<div class=\"e-con-inner\">\n\t\t\t\t<div class=\"elementor-element elementor-element-9b7b71b elementor-widget elementor-widget-image\" data-id=\"9b7b71b\" data-element_type=\"widget\" data-e-type=\"widget\" data-widget_type=\"image.default\">\n\t\t\t\t<div class=\"elementor-widget-container\">\n\t\t\t\t\t\t\t\t\t\t\t\t\t\t\t\t<a href=\"https:\/\/fmcn.org\/es\" target=\"_blank\">\n\t\t\t\t\t\t\t<img decoding=\"async\" width=\"223\" height=\"100\" src=\"https:\/\/argon83portfolio.com\/marfundingles\/wp-content\/uploads\/2025\/08\/fmcn-logo.webp\" class=\"attachment-large size-large wp-image-1066\" alt=\"\" srcset=\"https:\/\/argon83portfolio.com\/marfundingles\/wp-content\/uploads\/2025\/08\/fmcn-logo.webp 223w, https:\/\/argon83portfolio.com\/marfundingles\/wp-content\/uploads\/2025\/08\/fmcn-logo-18x8.webp 18w\" sizes=\"(max-width: 223px) 100vw, 223px\" \/>\t\t\t\t\t\t\t\t<\/a>\n\t\t\t\t\t\t\t\t\t\t\t\t\t\t\t<\/div>\n\t\t\t\t<\/div>\n\t\t\t\t<div class=\"elementor-element elementor-element-6c9d105e elementor-widget elementor-widget-heading\" data-id=\"6c9d105e\" data-element_type=\"widget\" data-e-type=\"widget\" data-widget_type=\"heading.default\">\n\t\t\t\t<div class=\"elementor-widget-container\">\n\t\t\t\t\t<h5 class=\"elementor-heading-title elementor-size-default\">Fondo Mexicano para la Conservaci\u00f3n de la Naturaleza, A.C. (FMCN) \u2013 M\u00e9xico<\/h5>\t\t\t\t<\/div>\n\t\t\t\t<\/div>\n\t\t\t\t<div class=\"elementor-element elementor-element-6df6d77f elementor-widget elementor-widget-text-editor\" data-id=\"6df6d77f\" data-element_type=\"widget\" data-e-type=\"widget\" data-widget_type=\"text-editor.default\">\n\t\t\t\t<div class=\"elementor-widget-container\">\n\t\t\t\t\t\t\t\t\t<div data-id=\"4f3eaadd\" data-element_type=\"container\" data-settings=\"{&quot;background_background&quot;:&quot;classic&quot;,&quot;animation&quot;:&quot;fadeInLeft&quot;}\"><div data-id=\"6df6d77f\" data-element_type=\"widget\" data-widget_type=\"text-editor.default\"><div>Es una instituci\u00f3n privada sin fines de lucro creada en 1994, que colabora con otros actores y sectores en apoyos t\u00e9cnicos y financieros estrat\u00e9gicos para sustentar el tesoro natural de M\u00e9xico. \u00a0A trav\u00e9s de la movilizaci\u00f3n de recursos financieros, la creaci\u00f3n de alianzas y el fortalecimiento de capacidades, desde hace m\u00e1s de 30 a\u00f1os, FMCN busca conservar, restaurar y hacer un manejo sostenible de los recursos naturales.<\/div><div>\u00a0<\/div><div>Su trabajo es posible gracias a una red de alianzas conformada por comunidades, los tres niveles de gobierno, sector privado, academia, sector civil y donantes. Su misi\u00f3n es\u00a0<i>Sustentar nuestro tesoro natural\u00a0<\/i>y su visi\u00f3n es\u00a0<i>Recuperar y mantener la salud de nuestros ecosistemas y paisajes.<\/i><\/div><\/div><\/div>\t\t\t\t\t\t\t\t<\/div>\n\t\t\t\t<\/div>\n\t\t\t\t\t<\/div>\n\t\t\t\t<\/div>\n\t\t<div class=\"elementor-element elementor-element-5bedbd44 e-flex e-con-boxed elementor-invisible e-con e-child\" data-id=\"5bedbd44\" data-element_type=\"container\" data-e-type=\"container\" data-settings=\"{&quot;background_background&quot;:&quot;classic&quot;,&quot;animation&quot;:&quot;fadeInRight&quot;}\">\n\t\t\t\t\t<div class=\"e-con-inner\">\n\t\t\t\t<div class=\"elementor-element elementor-element-e51f99e elementor-widget elementor-widget-image\" data-id=\"e51f99e\" data-element_type=\"widget\" data-e-type=\"widget\" data-widget_type=\"image.default\">\n\t\t\t\t<div class=\"elementor-widget-container\">\n\t\t\t\t\t\t\t\t\t\t\t\t\t\t\t\t<a href=\"https:\/\/www.pactbelize.org\/\" target=\"_blank\">\n\t\t\t\t\t\t\t<img decoding=\"async\" width=\"223\" height=\"100\" src=\"https:\/\/argon83portfolio.com\/marfundingles\/wp-content\/uploads\/2025\/08\/pact-logo.webp\" class=\"attachment-large size-large wp-image-1065\" alt=\"\" srcset=\"https:\/\/argon83portfolio.com\/marfundingles\/wp-content\/uploads\/2025\/08\/pact-logo.webp 223w, https:\/\/argon83portfolio.com\/marfundingles\/wp-content\/uploads\/2025\/08\/pact-logo-18x8.webp 18w\" sizes=\"(max-width: 223px) 100vw, 223px\" \/>\t\t\t\t\t\t\t\t<\/a>\n\t\t\t\t\t\t\t\t\t\t\t\t\t\t\t<\/div>\n\t\t\t\t<\/div>\n\t\t\t\t<div class=\"elementor-element elementor-element-7da88828 elementor-widget elementor-widget-heading\" data-id=\"7da88828\" data-element_type=\"widget\" data-e-type=\"widget\" data-widget_type=\"heading.default\">\n\t\t\t\t<div class=\"elementor-widget-container\">\n\t\t\t\t\t<h5 class=\"elementor-heading-title elementor-size-default\">Protected Areas Conservation (PACT) \u2013 Belice<\/h5>\t\t\t\t<\/div>\n\t\t\t\t<\/div>\n\t\t\t\t<div class=\"elementor-element elementor-element-5805356b elementor-widget elementor-widget-text-editor\" data-id=\"5805356b\" data-element_type=\"widget\" data-e-type=\"widget\" data-widget_type=\"text-editor.default\">\n\t\t\t\t<div class=\"elementor-widget-container\">\n\t\t\t\t\t\t\t\t\t<p data-start=\"1070\" data-end=\"1370\">Aunque es un pa\u00eds peque\u00f1o por su geograf\u00eda y poblaci\u00f3n, Belice es inmensamente bendecido con maravillas naturales. Reconociendo la importancia de su patrimonio nacional, Belice empez\u00f3 a establecer su sistema de \u00e1reas protegidas en la d\u00e9cada de 1960.<\/p><p data-start=\"1372\" data-end=\"1944\">PACT proporciona fondos para apoyar la conservaci\u00f3n y promover la gesti\u00f3n ambientalmente racional de los recursos naturales y culturales de Belice, con el fin de fomentar el desarrollo sostenible. PACT otorga financiamiento para proyectos y becas de capacitaci\u00f3n para el manejo de \u00e1reas protegidas, la conservaci\u00f3n, la promoci\u00f3n y el desarrollo, la educaci\u00f3n y sensibilizaci\u00f3n ambiental, y el desarrollo de las comunidades alrededor de las \u00e1reas protegidas. Desde su creaci\u00f3n en 1996, PACT ha invertido m\u00e1s de US$50 millones de d\u00f3lares en las \u00e1reas protegidas de Belice.<\/p>\t\t\t\t\t\t\t\t<\/div>\n\t\t\t\t<\/div>\n\t\t\t\t\t<\/div>\n\t\t\t\t<\/div>\n\t\t\t\t\t<\/div>\n\t\t\t\t<\/div>\n\t\t<div class=\"elementor-element elementor-element-2f21d089 e-flex e-con-boxed e-con e-child\" data-id=\"2f21d089\" data-element_type=\"container\" data-e-type=\"container\">\n\t\t\t\t\t<div class=\"e-con-inner\">\n\t\t<div class=\"elementor-element elementor-element-68b97406 e-flex e-con-boxed elementor-invisible e-con e-child\" data-id=\"68b97406\" data-element_type=\"container\" data-e-type=\"container\" data-settings=\"{&quot;background_background&quot;:&quot;classic&quot;,&quot;animation&quot;:&quot;fadeInLeft&quot;}\">\n\t\t\t\t\t<div class=\"e-con-inner\">\n\t\t\t\t<div class=\"elementor-element elementor-element-a71d55a elementor-widget elementor-widget-image\" data-id=\"a71d55a\" data-element_type=\"widget\" data-e-type=\"widget\" data-widget_type=\"image.default\">\n\t\t\t\t<div class=\"elementor-widget-container\">\n\t\t\t\t\t\t\t\t\t\t\t\t\t\t\t\t<a href=\"https:\/\/fcg.org.gt\/\" target=\"_blank\">\n\t\t\t\t\t\t\t<img decoding=\"async\" width=\"223\" height=\"100\" src=\"https:\/\/argon83portfolio.com\/marfundingles\/wp-content\/uploads\/2025\/08\/fcg-logo.webp\" class=\"attachment-large size-large wp-image-1064\" alt=\"\" srcset=\"https:\/\/argon83portfolio.com\/marfundingles\/wp-content\/uploads\/2025\/08\/fcg-logo.webp 223w, https:\/\/argon83portfolio.com\/marfundingles\/wp-content\/uploads\/2025\/08\/fcg-logo-18x8.webp 18w\" sizes=\"(max-width: 223px) 100vw, 223px\" \/>\t\t\t\t\t\t\t\t<\/a>\n\t\t\t\t\t\t\t\t\t\t\t\t\t\t\t<\/div>\n\t\t\t\t<\/div>\n\t\t\t\t<div class=\"elementor-element elementor-element-3430ed62 elementor-widget elementor-widget-heading\" data-id=\"3430ed62\" data-element_type=\"widget\" data-e-type=\"widget\" data-widget_type=\"heading.default\">\n\t\t\t\t<div class=\"elementor-widget-container\">\n\t\t\t\t\t<h5 class=\"elementor-heading-title elementor-size-default\">Fundaci\u00f3n para la Conservaci\u00f3n de los Recursos Naturales y de Ambiente en Guatemala (FCG)\n\n<\/h5>\t\t\t\t<\/div>\n\t\t\t\t<\/div>\n\t\t\t\t<div class=\"elementor-element elementor-element-2f3e08bf elementor-widget elementor-widget-text-editor\" data-id=\"2f3e08bf\" data-element_type=\"widget\" data-e-type=\"widget\" data-widget_type=\"text-editor.default\">\n\t\t\t\t<div class=\"elementor-widget-container\">\n\t\t\t\t\t\t\t\t\t<p data-start=\"1951\" data-end=\"2502\">Se estableci\u00f3 en el a\u00f1o 2000 y ha manejado cerca de US$4 millones por medio de su variada estructura de peque\u00f1as donaciones, subcuentas y microcr\u00e9ditos para apoyar iniciativas relacionadas con las leyes y pol\u00edticas ambientales, las \u00e1reas protegidas y el uso sostenible de los recursos naturales, entre otros. Tambi\u00e9n administra los US$24 millones del Tropical Forest Conservation Fund, producto de un canje de deuda por naturaleza con los Estados Unidos.<\/p><p data-start=\"2504\" data-end=\"2839\">Los seis miembros del personal, consultores temporales y evaluadores externos de la FCG administran, monitorean y eval\u00faan proyectos de conformidad con su objetivo general de promover la conservaci\u00f3n de la biodiversidad, el uso sostenible de los recursos naturales, la gesti\u00f3n ambiental y la adaptaci\u00f3n y mitigaci\u00f3n al cambio clim\u00e1tico.<\/p>\t\t\t\t\t\t\t\t<\/div>\n\t\t\t\t<\/div>\n\t\t\t\t\t<\/div>\n\t\t\t\t<\/div>\n\t\t<div class=\"elementor-element elementor-element-1ae07506 e-flex e-con-boxed elementor-invisible e-con e-child\" data-id=\"1ae07506\" data-element_type=\"container\" data-e-type=\"container\" data-settings=\"{&quot;background_background&quot;:&quot;classic&quot;,&quot;animation&quot;:&quot;fadeInRight&quot;}\">\n\t\t\t\t\t<div class=\"e-con-inner\">\n\t\t\t\t<div class=\"elementor-element elementor-element-81b03da elementor-widget elementor-widget-image\" data-id=\"81b03da\" data-element_type=\"widget\" data-e-type=\"widget\" data-widget_type=\"image.default\">\n\t\t\t\t<div class=\"elementor-widget-container\">\n\t\t\t\t\t\t\t\t\t\t\t\t\t\t\t<img decoding=\"async\" src=\"https:\/\/argon83portfolio.com\/marfundingles\/wp-content\/uploads\/elementor\/thumbs\/biosfera-rblw2paifms9wjpeg4ka98qnuw6gp5wl3of4uaeqkg.png\" title=\"biosfera\" alt=\"biosfera\" loading=\"lazy\" \/>\t\t\t\t\t\t\t\t\t\t\t\t\t\t\t<\/div>\n\t\t\t\t<\/div>\n\t\t\t\t<div class=\"elementor-element elementor-element-686e4c46 elementor-widget elementor-widget-heading\" data-id=\"686e4c46\" data-element_type=\"widget\" data-e-type=\"widget\" data-widget_type=\"heading.default\">\n\t\t\t\t<div class=\"elementor-widget-container\">\n\t\t\t\t\t<h5 class=\"elementor-heading-title elementor-size-default\">Fundaci\u00f3n Biosfera (FB) \u2013 Honduras<\/h5>\t\t\t\t<\/div>\n\t\t\t\t<\/div>\n\t\t\t\t<div class=\"elementor-element elementor-element-681b7b41 elementor-widget elementor-widget-text-editor\" data-id=\"681b7b41\" data-element_type=\"widget\" data-e-type=\"widget\" data-widget_type=\"text-editor.default\">\n\t\t\t\t<div class=\"elementor-widget-container\">\n\t\t\t\t\t\t\t\t\t<div data-olk-copy-source=\"MessageBody\"><p data-start=\"117\" data-end=\"803\">Establecida en 2003, la Fundaci\u00f3n Bi\u00f3sfera ha administrado y brindado acompa\u00f1amiento t\u00e9cnico a diversos proyectos del Programa de Peque\u00f1as Donaciones, financiado por MAR Fund, dirigidos a organizaciones co-manejadoras de \u00e1reas protegidas de la zona marino-costera de Honduras. Asimismo, ha formado parte del Proyecto de Conservaci\u00f3n de Recursos Marinos en Centroam\u00e9rica I y II. De igual manera, se ha proporcionado acompa\u00f1amiento t\u00e9cnico estrat\u00e9gico y apoyo en la formulaci\u00f3n de propuestas a al menos 10 organizaciones para su postulaci\u00f3n a convocatorias, contribuyendo al fortalecimiento de sus capacidades institucionales y a la mejora en el acceso a oportunidades de financiamiento.<\/p><p data-start=\"805\" data-end=\"1168\" data-is-last-node=\"\" data-is-only-node=\"\">Como miembro fundador de MAR Fund, la Fundaci\u00f3n Bi\u00f3sfera participa activamente en todas las actividades propias de la Junta Directiva, el Comit\u00e9 de Inversiones y el Comit\u00e9 de Gobernanza, incluyendo reuniones semestrales, revisi\u00f3n de diversos documentos, procesos de planificaci\u00f3n y apoyo puntual en acciones relacionadas con la ejecuci\u00f3n de proyectos en Honduras.<\/p><\/div>\t\t\t\t\t\t\t\t<\/div>\n\t\t\t\t<\/div>\n\t\t\t\t\t<\/div>\n\t\t\t\t<\/div>\n\t\t\t\t\t<\/div>\n\t\t\t\t<\/div>\n\t\t\t\t<\/div>\n\t\t\t\t\t<\/div>\n\t\t\t\t<\/div>\n\t\t\t\t<div class=\"elementor-element elementor-element-5d80d02 elementor-widget elementor-widget-text-editor\" data-id=\"5d80d02\" data-element_type=\"widget\" data-e-type=\"widget\" data-widget_type=\"text-editor.default\">\n\t\t\t\t<div class=\"elementor-widget-container\">\n\t\t\t\t\t\t\t\t\t<p style=\"text-align: left;\">Foto: Martin Leglize\u00a0<\/p>\t\t\t\t\t\t\t\t<\/div>\n\t\t\t\t<\/div>\n\t\t\t\t\t<\/div>\n\t\t\t\t<\/div>\n\t\t\t\t<\/div>\n\t\t","protected":false},"excerpt":{"rendered":"<p>Miembros Fundadores Dado su rol como instituci\u00f3n regional que coordina y recauda fondos, MAR Fund se apoya de una manera especial en los miembros fundadores de cada pa\u00eds, para que sean \u00e9stos los que brinden la supervisi\u00f3n, el monitoreo y la evaluaci\u00f3n a las entidades\/beneficiarias. Los fondos nacionales existentes, con muy pocas excepciones, cuentan con [&hellip;]<\/p>\n","protected":false},"author":1,"featured_media":0,"parent":0,"menu_order":0,"comment_status":"closed","ping_status":"closed","template":"elementor_header_footer","meta":{"footnotes":""},"class_list":["post-1059","page","type-page","status-publish","hentry"],"_links":{"self":[{"href":"https:\/\/argon83portfolio.com\/marfundingles\/wp-json\/wp\/v2\/pages\/1059","targetHints":{"allow":["GET"]}}],"collection":[{"href":"https:\/\/argon83portfolio.com\/marfundingles\/wp-json\/wp\/v2\/pages"}],"about":[{"href":"https:\/\/argon83portfolio.com\/marfundingles\/wp-json\/wp\/v2\/types\/page"}],"author":[{"embeddable":true,"href":"https:\/\/argon83portfolio.com\/marfundingles\/wp-json\/wp\/v2\/users\/1"}],"replies":[{"embeddable":true,"href":"https:\/\/argon83portfolio.com\/marfundingles\/wp-json\/wp\/v2\/comments?post=1059"}],"version-history":[{"count":43,"href":"https:\/\/argon83portfolio.com\/marfundingles\/wp-json\/wp\/v2\/pages\/1059\/revisions"}],"predecessor-version":[{"id":21534,"href":"https:\/\/argon83portfolio.com\/marfundingles\/wp-json\/wp\/v2\/pages\/1059\/revisions\/21534"}],"wp:attachment":[{"href":"https:\/\/argon83portfolio.com\/marfundingles\/wp-json\/wp\/v2\/media?parent=1059"}],"curies":[{"name":"wp","href":"https:\/\/api.w.org\/{rel}","templated":true}]}}