{"id":755,"date":"2025-10-21T22:10:54","date_gmt":"2025-10-21T22:10:54","guid":{"rendered":"https:\/\/argon83portfolio.com\/marfundingles\/?page_id=755"},"modified":"2026-05-07T17:44:02","modified_gmt":"2026-05-07T17:44:02","slug":"convocatorias","status":"publish","type":"page","link":"https:\/\/argon83portfolio.com\/marfundingles\/en\/convocatorias\/","title":{"rendered":"Calls"},"content":{"rendered":"<div data-elementor-type=\"wp-page\" data-elementor-id=\"755\" class=\"elementor elementor-755\" data-elementor-post-type=\"page\">\n\t\t\t\t<div class=\"elementor-element elementor-element-9d0f059 e-flex e-con-boxed e-con e-parent\" data-id=\"9d0f059\" data-element_type=\"container\" data-e-type=\"container\" data-settings=\"{&quot;background_background&quot;:&quot;classic&quot;}\">\n\t\t\t\t\t<div class=\"e-con-inner\">\n\t\t\t\t<div class=\"elementor-element elementor-element-6af6d4d elementor-widget elementor-widget-elementskit-heading\" data-id=\"6af6d4d\" data-element_type=\"widget\" data-e-type=\"widget\" data-widget_type=\"elementskit-heading.default\">\n\t\t\t\t<div class=\"elementor-widget-container\">\n\t\t\t\t\t<div class=\"ekit-wid-con\" ><div class=\"ekit-heading elementskit-section-title-wraper text_center   ekit_heading_tablet-   ekit_heading_mobile-\"><h2 class=\"ekit-heading--title elementskit-section-title\">Calls<\/h2><\/div><\/div>\t\t\t\t<\/div>\n\t\t\t\t<\/div>\n\t\t\t\t<div class=\"elementor-element elementor-element-b0fc9e8 elementor-widget elementor-widget-text-editor\" data-id=\"b0fc9e8\" data-element_type=\"widget\" data-e-type=\"widget\" data-widget_type=\"text-editor.default\">\n\t\t\t\t<div class=\"elementor-widget-container\">\n\t\t\t\t\t\t\t\t\t<p style=\"text-align: left;\">Foto: Francesco Garz\u00f3n<\/p>\t\t\t\t\t\t\t\t<\/div>\n\t\t\t\t<\/div>\n\t\t\t\t\t<\/div>\n\t\t\t\t<\/div>\n\t\t<div class=\"elementor-element elementor-element-b6566fc e-flex e-con-boxed e-con e-parent\" data-id=\"b6566fc\" data-element_type=\"container\" data-e-type=\"container\" data-settings=\"{&quot;background_background&quot;:&quot;classic&quot;}\">\n\t\t\t\t\t<div class=\"e-con-inner\">\n\t\t<div class=\"elementor-element elementor-element-77431f7 e-con-full e-flex e-con e-child\" data-id=\"77431f7\" data-element_type=\"container\" data-e-type=\"container\">\n\t\t\t\t<div class=\"elementor-element elementor-element-03003bf elementor-widget elementor-widget-text-editor\" data-id=\"03003bf\" data-element_type=\"widget\" data-e-type=\"widget\" data-widget_type=\"text-editor.default\">\n\t\t\t\t<div class=\"elementor-widget-container\">\n\t\t\t\t\t\t\t\t\t<p data-start=\"65\" data-end=\"243\"><strong data-start=\"65\" data-end=\"110\">Actualmente no hay convocatorias abiertas<\/strong><\/p><p data-start=\"65\" data-end=\"243\">Visita esta p\u00e1gina regularmente para conocer futuras oportunidades de financiamiento en la regi\u00f3n.<\/p>\t\t\t\t\t\t\t\t<\/div>\n\t\t\t\t<\/div>\n\t\t\t\t<div class=\"elementor-element elementor-element-fc51c31 elementor-widget elementor-widget-spacer\" data-id=\"fc51c31\" data-element_type=\"widget\" data-e-type=\"widget\" data-widget_type=\"spacer.default\">\n\t\t\t\t<div class=\"elementor-widget-container\">\n\t\t\t\t\t\t\t<div class=\"elementor-spacer\">\n\t\t\t<div class=\"elementor-spacer-inner\"><\/div>\n\t\t<\/div>\n\t\t\t\t\t\t<\/div>\n\t\t\t\t<\/div>\n\t\t\t\t<\/div>\n\t\t<div class=\"elementor-element elementor-element-9cec7a5 e-con-full e-flex e-con e-child\" data-id=\"9cec7a5\" data-element_type=\"container\" data-e-type=\"container\">\n\t\t\t\t<div class=\"elementor-element elementor-element-4cf26cf elementor-widget elementor-widget-text-editor\" data-id=\"4cf26cf\" data-element_type=\"widget\" data-e-type=\"widget\" data-widget_type=\"text-editor.default\">\n\t\t\t\t<div class=\"elementor-widget-container\">\n\t\t\t\t\t\t\t\t\t<h5>MAR Fund ofrece diversas oportunidades de financiamiento para proyectos dedicados a la conservaci\u00f3n, restauraci\u00f3n y uso sostenible de los ecosistemas marino-costeros en M\u00e9xico, Belice, Guatemala y Honduras.<\/h5><p class=\"my-2 [&amp;+p]:mt-4 [&amp;_strong:has(+br)]:inline-block [&amp;_strong:has(+br)]:pb-2\">Estas convocatorias est\u00e1n dirigidas a organizaciones de la sociedad civil, comunidades locales, instituciones acad\u00e9micas y otros actores comprometidos con la protecci\u00f3n ambiental del SAM.<\/p>\t\t\t\t\t\t\t\t<\/div>\n\t\t\t\t<\/div>\n\t\t\t\t<div class=\"elementor-element elementor-element-c153533 elementor-widget elementor-widget-heading\" data-id=\"c153533\" data-element_type=\"widget\" data-e-type=\"widget\" data-widget_type=\"heading.default\">\n\t\t\t\t<div class=\"elementor-widget-container\">\n\t\t\t\t\t<h4 class=\"elementor-heading-title elementor-size-default\">C\u00f3mo participar:<\/h4>\t\t\t\t<\/div>\n\t\t\t\t<\/div>\n\t\t\t\t<div class=\"elementor-element elementor-element-20061cf elementor-widget elementor-widget-text-editor\" data-id=\"20061cf\" data-element_type=\"widget\" data-e-type=\"widget\" data-widget_type=\"text-editor.default\">\n\t\t\t\t<div class=\"elementor-widget-container\">\n\t\t\t\t\t\t\t\t\t<p class=\"my-2 [&amp;+p]:mt-4 [&amp;_strong:has(+br)]:inline-block [&amp;_strong:has(+br)]:pb-2\"><strong>Las convocatorias a presentar propuestas y aplicar a subvenciones de MAR Fund, se publican a trav\u00e9s de los canales oficiales y redes sociales, seg\u00fan el calendario de cada programa. Esta secci\u00f3n se actualiza peri\u00f3dicamente con nuevas oportunidades durante el a\u00f1o.<\/strong><\/p><ul><li>Consulta los lineamientos espec\u00edficos, criterios de elegibilidad y fechas l\u00edmite.<\/li><li>Env\u00eda tu propuesta seg\u00fan los requisitos de cada convocatoria.<\/li><\/ul>\t\t\t\t\t\t\t\t<\/div>\n\t\t\t\t<\/div>\n\t\t\t\t<\/div>\n\t\t\t\t\t<\/div>\n\t\t\t\t<\/div>\n\t\t<div class=\"elementor-element elementor-element-58da5dc e-flex e-con-boxed e-con e-parent\" data-id=\"58da5dc\" data-element_type=\"container\" data-e-type=\"container\">\n\t\t\t\t\t<div class=\"e-con-inner\">\n\t\t\t\t<div class=\"elementor-element elementor-element-acfbabf elementor-widget elementor-widget-text-editor\" data-id=\"acfbabf\" data-element_type=\"widget\" data-e-type=\"widget\" data-widget_type=\"text-editor.default\">\n\t\t\t\t<div class=\"elementor-widget-container\">\n\t\t\t\t\t\t\t\t\t<p><em>La presentaci\u00f3n de propuestas no garantiza la obtenci\u00f3n de fondos, ya que la selecci\u00f3n depende de una evaluaci\u00f3n rigurosa realizada por un comit\u00e9 independiente, que revisa cada propuesta basada en su impacto, relevancia y alineaci\u00f3n con los objetivos de cada convocatoria.\u00a0<\/em><em>MAR Fund se reserva el derecho de modificar las fechas, criterios y condiciones de las convocatorias sin previo aviso. Los proyectos aprobados est\u00e1n sujetos a mecanismos de seguimiento y rendici\u00f3n de cuentas.<\/em><\/p>\t\t\t\t\t\t\t\t<\/div>\n\t\t\t\t<\/div>\n\t\t\t\t\t<\/div>\n\t\t\t\t<\/div>\n\t\t<div class=\"elementor-element elementor-element-d781576 e-flex e-con-boxed e-con e-parent\" data-id=\"d781576\" data-element_type=\"container\" data-e-type=\"container\">\n\t\t\t\t\t<div class=\"e-con-inner\">\n\t\t\t\t<div class=\"elementor-element elementor-element-161f1af elementor-widget elementor-widget-heading\" data-id=\"161f1af\" data-element_type=\"widget\" data-e-type=\"widget\" data-widget_type=\"heading.default\">\n\t\t\t\t<div class=\"elementor-widget-container\">\n\t\t\t\t\t<h4 class=\"elementor-heading-title elementor-size-default\">Convocatorias 2025<\/h4>\t\t\t\t<\/div>\n\t\t\t\t<\/div>\n\t\t\t\t\t<\/div>\n\t\t\t\t<\/div>\n\t\t<div class=\"elementor-element elementor-element-6ad9e28 e-grid e-con-boxed e-con e-parent\" data-id=\"6ad9e28\" data-element_type=\"container\" data-e-type=\"container\">\n\t\t\t\t\t<div class=\"e-con-inner\">\n\t\t<div class=\"elementor-element elementor-element-9b91dff e-con-full e-flex elementor-invisible e-con e-child\" data-id=\"9b91dff\" data-element_type=\"container\" data-e-type=\"container\" data-settings=\"{&quot;background_background&quot;:&quot;classic&quot;,&quot;animation&quot;:&quot;fadeInLeft&quot;}\">\n\t\t\t\t<div class=\"elementor-element elementor-element-7d29631 elementor-widget elementor-widget-heading\" data-id=\"7d29631\" data-element_type=\"widget\" data-e-type=\"widget\" data-widget_type=\"heading.default\">\n\t\t\t\t<div class=\"elementor-widget-container\">\n\t\t\t\t\t<h5 class=\"elementor-heading-title elementor-size-default\">Programa de Aceleraci\u00f3n de MAR+Invest<\/h5>\t\t\t\t<\/div>\n\t\t\t\t<\/div>\n\t\t\t\t<div class=\"elementor-element elementor-element-1d60b5f elementor-widget elementor-widget-text-editor\" data-id=\"1d60b5f\" data-element_type=\"widget\" data-e-type=\"widget\" data-widget_type=\"text-editor.default\">\n\t\t\t\t<div class=\"elementor-widget-container\">\n\t\t\t\t\t\t\t\t\t<p class=\"my-2 [&amp;+p]:mt-4 [&amp;_strong:has(+br)]:inline-block [&amp;_strong:has(+br)]:pb-2\">Del 18 de mayo al 20 de junio 2025<\/p>\t\t\t\t\t\t\t\t<\/div>\n\t\t\t\t<\/div>\n\t\t\t\t<div class=\"elementor-element elementor-element-9b62dff elementor-widget elementor-widget-text-editor\" data-id=\"9b62dff\" data-element_type=\"widget\" data-e-type=\"widget\" data-widget_type=\"text-editor.default\">\n\t\t\t\t<div class=\"elementor-widget-container\">\n\t\t\t\t\t\t\t\t\t<p>Actualmente en proceso de evaluaci\u00f3n.<\/p>\t\t\t\t\t\t\t\t<\/div>\n\t\t\t\t<\/div>\n\t\t\t\t<div class=\"elementor-element elementor-element-847c62c elementor-widget elementor-widget-button\" data-id=\"847c62c\" data-element_type=\"widget\" data-e-type=\"widget\" data-widget_type=\"button.default\">\n\t\t\t\t<div class=\"elementor-widget-container\">\n\t\t\t\t\t\t\t\t\t<div class=\"elementor-button-wrapper\">\n\t\t\t\t\t<a class=\"elementor-button elementor-button-link elementor-size-sm\" href=\"#\">\n\t\t\t\t\t\t<span class=\"elementor-button-content-wrapper\">\n\t\t\t\t\t\t\t\t\t<span class=\"elementor-button-text\">Visita el sitio de Mar+invest<\/span>\n\t\t\t\t\t<\/span>\n\t\t\t\t\t<\/a>\n\t\t\t\t<\/div>\n\t\t\t\t\t\t\t\t<\/div>\n\t\t\t\t<\/div>\n\t\t\t\t<\/div>\n\t\t<div class=\"elementor-element elementor-element-965cd24 e-con-full e-flex elementor-invisible e-con e-child\" data-id=\"965cd24\" data-element_type=\"container\" data-e-type=\"container\" data-settings=\"{&quot;background_background&quot;:&quot;classic&quot;,&quot;animation&quot;:&quot;fadeInLeft&quot;}\">\n\t\t\t\t<div class=\"elementor-element elementor-element-6f0fe24 elementor-widget elementor-widget-heading\" data-id=\"6f0fe24\" data-element_type=\"widget\" data-e-type=\"widget\" data-widget_type=\"heading.default\">\n\t\t\t\t<div class=\"elementor-widget-container\">\n\t\t\t\t\t<h5 class=\"elementor-heading-title elementor-size-default\">18\u00aa convocatoria - Peque\u00f1as Donaciones<\/h5>\t\t\t\t<\/div>\n\t\t\t\t<\/div>\n\t\t\t\t<div class=\"elementor-element elementor-element-232d13b elementor-widget elementor-widget-text-editor\" data-id=\"232d13b\" data-element_type=\"widget\" data-e-type=\"widget\" data-widget_type=\"text-editor.default\">\n\t\t\t\t<div class=\"elementor-widget-container\">\n\t\t\t\t\t\t\t\t\t<p class=\"my-2 [&amp;+p]:mt-4 [&amp;_strong:has(+br)]:inline-block [&amp;_strong:has(+br)]:pb-2\">Del 15 de julio al 09 de septiembre de 2025.<\/p>\t\t\t\t\t\t\t\t<\/div>\n\t\t\t\t<\/div>\n\t\t\t\t<div class=\"elementor-element elementor-element-bd7647e elementor-widget elementor-widget-text-editor\" data-id=\"bd7647e\" data-element_type=\"widget\" data-e-type=\"widget\" data-widget_type=\"text-editor.default\">\n\t\t\t\t<div class=\"elementor-widget-container\">\n\t\t\t\t\t\t\t\t\t<p>Actualmente en proceso de evaluaci\u00f3n.<\/p>\t\t\t\t\t\t\t\t<\/div>\n\t\t\t\t<\/div>\n\t\t\t\t<div class=\"elementor-element elementor-element-5e4d898 elementor-widget elementor-widget-button\" data-id=\"5e4d898\" data-element_type=\"widget\" data-e-type=\"widget\" data-widget_type=\"button.default\">\n\t\t\t\t<div class=\"elementor-widget-container\">\n\t\t\t\t\t\t\t\t\t<div class=\"elementor-button-wrapper\">\n\t\t\t\t\t<a class=\"elementor-button elementor-button-link elementor-size-sm\" href=\"#\">\n\t\t\t\t\t\t<span class=\"elementor-button-content-wrapper\">\n\t\t\t\t\t\t\t\t\t<span class=\"elementor-button-text\">CONOCE M\u00c1S DE PEQUE\u00d1AS DONACIONES<\/span>\n\t\t\t\t\t<\/span>\n\t\t\t\t\t<\/a>\n\t\t\t\t<\/div>\n\t\t\t\t\t\t\t\t<\/div>\n\t\t\t\t<\/div>\n\t\t\t\t<\/div>\n\t\t\t\t\t<\/div>\n\t\t\t\t<\/div>\n\t\t<div class=\"elementor-element elementor-element-a5f5576 e-flex e-con-boxed e-con e-parent\" data-id=\"a5f5576\" data-element_type=\"container\" data-e-type=\"container\">\n\t\t\t\t\t<div class=\"e-con-inner\">\n\t\t\t\t<div class=\"elementor-element elementor-element-a124d9a elementor-widget elementor-widget-spacer\" data-id=\"a124d9a\" data-element_type=\"widget\" data-e-type=\"widget\" data-widget_type=\"spacer.default\">\n\t\t\t\t<div class=\"elementor-widget-container\">\n\t\t\t\t\t\t\t<div class=\"elementor-spacer\">\n\t\t\t<div class=\"elementor-spacer-inner\"><\/div>\n\t\t<\/div>\n\t\t\t\t\t\t<\/div>\n\t\t\t\t<\/div>\n\t\t\t\t\t<\/div>\n\t\t\t\t<\/div>\n\t\t\t\t<\/div>","protected":false},"excerpt":{"rendered":"<p>Convocatorias Foto: Francesco Garz\u00f3n Actualmente no hay convocatorias abiertas Visita esta p\u00e1gina regularmente para conocer futuras oportunidades de financiamiento en la regi\u00f3n. MAR Fund ofrece diversas oportunidades de financiamiento para proyectos dedicados a la conservaci\u00f3n, restauraci\u00f3n y uso sostenible de los ecosistemas marino-costeros en M\u00e9xico, Belice, Guatemala y Honduras. Estas convocatorias est\u00e1n dirigidas a organizaciones [&hellip;]<\/p>","protected":false},"author":1,"featured_media":0,"parent":0,"menu_order":0,"comment_status":"closed","ping_status":"closed","template":"elementor_header_footer","meta":{"footnotes":""},"class_list":["post-755","page","type-page","status-publish","hentry"],"_links":{"self":[{"href":"https:\/\/argon83portfolio.com\/marfundingles\/en\/wp-json\/wp\/v2\/pages\/755","targetHints":{"allow":["GET"]}}],"collection":[{"href":"https:\/\/argon83portfolio.com\/marfundingles\/en\/wp-json\/wp\/v2\/pages"}],"about":[{"href":"https:\/\/argon83portfolio.com\/marfundingles\/en\/wp-json\/wp\/v2\/types\/page"}],"author":[{"embeddable":true,"href":"https:\/\/argon83portfolio.com\/marfundingles\/en\/wp-json\/wp\/v2\/users\/1"}],"replies":[{"embeddable":true,"href":"https:\/\/argon83portfolio.com\/marfundingles\/en\/wp-json\/wp\/v2\/comments?post=755"}],"version-history":[{"count":33,"href":"https:\/\/argon83portfolio.com\/marfundingles\/en\/wp-json\/wp\/v2\/pages\/755\/revisions"}],"predecessor-version":[{"id":21498,"href":"https:\/\/argon83portfolio.com\/marfundingles\/en\/wp-json\/wp\/v2\/pages\/755\/revisions\/21498"}],"wp:attachment":[{"href":"https:\/\/argon83portfolio.com\/marfundingles\/en\/wp-json\/wp\/v2\/media?parent=755"}],"curies":[{"name":"wp","href":"https:\/\/api.w.org\/{rel}","templated":true}]}}