{"id":10064,"date":"2025-10-22T00:31:59","date_gmt":"2025-10-22T00:31:59","guid":{"rendered":"https:\/\/argon83portfolio.com\/marfundingles\/?page_id=10064"},"modified":"2026-05-08T14:24:15","modified_gmt":"2026-05-08T14:24:15","slug":"oportunidades-trabajo","status":"publish","type":"page","link":"https:\/\/argon83portfolio.com\/marfundingles\/en\/que-es-fondo-sam\/oportunidades-trabajo\/","title":{"rendered":"Bag of Employment"},"content":{"rendered":"<div data-elementor-type=\"wp-page\" data-elementor-id=\"10064\" class=\"elementor elementor-10064\" data-elementor-post-type=\"page\">\n\t\t\t\t<div class=\"elementor-element elementor-element-9d0f059 e-flex e-con-boxed e-con e-parent\" data-id=\"9d0f059\" data-element_type=\"container\" data-e-type=\"container\" data-settings=\"{&quot;background_background&quot;:&quot;classic&quot;}\">\n\t\t\t\t\t<div class=\"e-con-inner\">\n\t\t\t\t<div class=\"elementor-element elementor-element-6af6d4d elementor-widget elementor-widget-elementskit-heading\" data-id=\"6af6d4d\" data-element_type=\"widget\" data-e-type=\"widget\" data-widget_type=\"elementskit-heading.default\">\n\t\t\t\t<div class=\"elementor-widget-container\">\n\t\t\t\t\t<div class=\"ekit-wid-con\" ><div class=\"ekit-heading elementskit-section-title-wraper text_center   ekit_heading_tablet-   ekit_heading_mobile-\"><h2 class=\"ekit-heading--title elementskit-section-title\">Bag of Employment<\/h2><\/div><\/div>\t\t\t\t<\/div>\n\t\t\t\t<\/div>\n\t\t\t\t<div class=\"elementor-element elementor-element-af51bcf elementor-widget elementor-widget-text-editor\" data-id=\"af51bcf\" data-element_type=\"widget\" data-e-type=\"widget\" data-widget_type=\"text-editor.default\">\n\t\t\t\t<div class=\"elementor-widget-container\">\n\t\t\t\t\t\t\t\t\t<p style=\"text-align: left;\">Foto: Fernando Perez Licea<\/p>\t\t\t\t\t\t\t\t<\/div>\n\t\t\t\t<\/div>\n\t\t\t\t\t<\/div>\n\t\t\t\t<\/div>\n\t\t<div class=\"elementor-element elementor-element-38c40d3 e-flex e-con-boxed e-con e-parent\" data-id=\"38c40d3\" data-element_type=\"container\" data-e-type=\"container\">\n\t\t\t\t\t<div class=\"e-con-inner\">\n\t\t\t\t<div class=\"elementor-element elementor-element-3f69730 elementor-widget elementor-widget-spacer\" data-id=\"3f69730\" data-element_type=\"widget\" data-e-type=\"widget\" data-widget_type=\"spacer.default\">\n\t\t\t\t<div class=\"elementor-widget-container\">\n\t\t\t\t\t\t\t<div class=\"elementor-spacer\">\n\t\t\t<div class=\"elementor-spacer-inner\"><\/div>\n\t\t<\/div>\n\t\t\t\t\t\t<\/div>\n\t\t\t\t<\/div>\n\t\t\t\t\t<\/div>\n\t\t\t\t<\/div>\n\t\t<div class=\"elementor-element elementor-element-ce106e6 e-flex e-con-boxed e-con e-parent\" data-id=\"ce106e6\" data-element_type=\"container\" data-e-type=\"container\">\n\t\t\t\t\t<div class=\"e-con-inner\">\n\t\t<div class=\"elementor-element elementor-element-f65d10b e-con-full e-flex e-con e-child\" data-id=\"f65d10b\" data-element_type=\"container\" data-e-type=\"container\" data-settings=\"{&quot;background_background&quot;:&quot;classic&quot;}\">\n\t\t\t\t<div class=\"elementor-element elementor-element-f0b0532 elementor-widget elementor-widget-text-editor\" data-id=\"f0b0532\" data-element_type=\"widget\" data-e-type=\"widget\" data-widget_type=\"text-editor.default\">\n\t\t\t\t<div class=\"elementor-widget-container\">\n\t\t\t\t\t\t\t\t\t<p style=\"text-align: center;\"><span style=\"color: #003366;\"><br \/>MAR Fund es una organizaci\u00f3n comprometida con la equidad y la diversidad en el lugar de trabajo.\u00a0 <\/span><span style=\"color: #003366;\">Nuestra pol\u00edtica de empleo garantiza que todas las decisiones \u2014desde la contrataci\u00f3n hasta el desarrollo profesional\u2014 se basan en el m\u00e9rito y las calificaciones individuales. Tenemos una pol\u00edtica de cero tolerancia a cualquier forma de discriminaci\u00f3n o acoso. Como organizaci\u00f3n dedicada a la conservaci\u00f3n, restauraci\u00f3n y uso sostenible de los ecosistemas marinos y costeros del Arrecife Mesoamericano, buscamos integrar perspectivas diversas y fomentamos la participaci\u00f3n de candidatos de todos los sectores y trasfondos sociales para fortalecer nuestra misi\u00f3n.<\/span><\/p><h4>Consideraciones<\/h4><ul><li>Los proponentes deber\u00e1n asumir todos los costos asociados con la elaboraci\u00f3n y presentaci\u00f3n de las propuestas que ser\u00e1n sometidas a evaluaci\u00f3n por MAR Fund, en el marco de la(s) presente(s) convocatoria(s). MAR Fund no tiene obligaci\u00f3n alguna de cubrir dichos costos, ya sea total o parcialmente, ni de otorgar anticipos o compensaciones en caso de que su(s) propuesta(s) no resulte(n) seleccionada(s).<\/li><li>La presentaci\u00f3n de una propuesta no crea v\u00ednculo contractual ni compromiso financiero alguno entre el proponente y MAR Fund hasta que se firme un acuerdo formal por ambas partes.<\/li><li>Los proponentes son responsables de cumplir con toda la normativa local e internacional aplicable, as\u00ed como con los requisitos legales y fiscales de sus respectivos pa\u00edses.<\/li><li>MAR Fund se reserva el derecho de modificar los t\u00e9rminos del proceso de selecci\u00f3n, cancelar la convocatoria o declararla desierta, sin que ello implique obligaci\u00f3n de contrataci\u00f3n alguna.<\/li><\/ul>\t\t\t\t\t\t\t\t<\/div>\n\t\t\t\t<\/div>\n\t\t\t\t<\/div>\n\t\t<div class=\"elementor-element elementor-element-632e92c e-con-full e-flex e-con e-child\" data-id=\"632e92c\" data-element_type=\"container\" data-e-type=\"container\" data-settings=\"{&quot;background_background&quot;:&quot;classic&quot;}\">\n\t\t<div class=\"elementor-element elementor-element-3a684bc e-flex e-con-boxed e-con e-child\" data-id=\"3a684bc\" data-element_type=\"container\" data-e-type=\"container\">\n\t\t\t\t\t<div class=\"e-con-inner\">\n\t\t<div class=\"elementor-element elementor-element-5199c43 e-con-full e-flex e-con e-child\" data-id=\"5199c43\" data-element_type=\"container\" data-e-type=\"container\">\n\t\t<div class=\"elementor-element elementor-element-26b20a5 e-con-full e-flex e-con e-child\" data-id=\"26b20a5\" data-element_type=\"container\" data-e-type=\"container\">\n\t\t<div class=\"elementor-element elementor-element-159f2f8 e-con-full e-flex e-con e-child\" data-id=\"159f2f8\" data-element_type=\"container\" data-e-type=\"container\">\n\t\t\t\t<div class=\"elementor-element elementor-element-8af39e6 elementor-widget-mobile__width-initial elementor-widget elementor-widget-image-box\" data-id=\"8af39e6\" data-element_type=\"widget\" data-e-type=\"widget\" data-widget_type=\"image-box.default\">\n\t\t\t\t<div class=\"elementor-widget-container\">\n\t\t\t\t\t<div class=\"elementor-image-box-wrapper\"><div class=\"elementor-image-box-content\"><p class=\"elementor-image-box-description\">El proceso de selecci\u00f3n se desarrollar\u00e1 de acuerdo a los lineamientos internos de evaluaci\u00f3n de MAR Fund y el resultado que emane del mismo ser\u00e1 inapelable.\u200b<\/p><\/div><\/div>\t\t\t\t<\/div>\n\t\t\t\t<\/div>\n\t\t\t\t<\/div>\n\t\t\t\t<\/div>\n\t\t\t\t<\/div>\n\t\t<div class=\"elementor-element elementor-element-459fbae e-con-full e-flex e-con e-child\" data-id=\"459fbae\" data-element_type=\"container\" data-e-type=\"container\">\n\t\t<div class=\"elementor-element elementor-element-86d6525 e-con-full e-flex e-con e-child\" data-id=\"86d6525\" data-element_type=\"container\" data-e-type=\"container\">\n\t\t\t\t<div class=\"elementor-element elementor-element-2fbfb80 elementor-widget__width-initial elementor-widget elementor-widget-image-box\" data-id=\"2fbfb80\" data-element_type=\"widget\" data-e-type=\"widget\" data-widget_type=\"image-box.default\">\n\t\t\t\t<div class=\"elementor-widget-container\">\n\t\t\t\t\t<div class=\"elementor-image-box-wrapper\"><div class=\"elementor-image-box-content\"><p class=\"elementor-image-box-description\"><span style=\"text-align: left\">Solo los proponentes que pasen a la siguiente etapa del proceso de selecci\u00f3n ser\u00e1n contactados y debido al n\u00famero de solicitudes, MAR Fund no dar\u00e1 retroalimentaci\u00f3n a los postulantes.<\/span><span style=\"text-align: left\"><\/span><\/p><\/div><\/div>\t\t\t\t<\/div>\n\t\t\t\t<\/div>\n\t\t\t\t<\/div>\n\t\t\t\t<\/div>\n\t\t\t\t\t<\/div>\n\t\t\t\t<\/div>\n\t\t\t\t<\/div>\n\t\t\t\t\t<\/div>\n\t\t\t\t<\/div>\n\t\t<div class=\"elementor-element elementor-element-cc9d09a e-flex e-con-boxed e-con e-parent\" data-id=\"cc9d09a\" data-element_type=\"container\" data-e-type=\"container\">\n\t\t\t\t\t<div class=\"e-con-inner\">\n\t\t\t\t<div class=\"elementor-element elementor-element-73a9247 elementor-widget elementor-widget-table-of-contents\" data-id=\"73a9247\" data-element_type=\"widget\" data-e-type=\"widget\" data-settings=\"{&quot;headings_by_tags&quot;:[&quot;h5&quot;],&quot;exclude_headings_by_selector&quot;:&quot;73a924&quot;,&quot;marker_view&quot;:&quot;bullets&quot;,&quot;no_headings_message&quot;:&quot; &quot;,&quot;icon&quot;:{&quot;value&quot;:&quot;fas fa-dot-circle&quot;,&quot;library&quot;:&quot;fa-solid&quot;,&quot;rendered_tag&quot;:&quot;&lt;svg class=\\&quot;e-font-icon-svg e-fas-dot-circle\\&quot; viewBox=\\&quot;0 0 512 512\\&quot; xmlns=\\&quot;http:\\\/\\\/www.w3.org\\\/2000\\\/svg\\&quot;&gt;&lt;path d=\\&quot;M256 8C119.033 8 8 119.033 8 256s111.033 248 248 248 248-111.033 248-248S392.967 8 256 8zm80 248c0 44.112-35.888 80-80 80s-80-35.888-80-80 35.888-80 80-80 80 35.888 80 80z\\&quot;&gt;&lt;\\\/path&gt;&lt;\\\/svg&gt;&quot;},&quot;hierarchical_view&quot;:&quot;yes&quot;,&quot;min_height&quot;:{&quot;unit&quot;:&quot;px&quot;,&quot;size&quot;:&quot;&quot;,&quot;sizes&quot;:[]},&quot;min_height_tablet&quot;:{&quot;unit&quot;:&quot;px&quot;,&quot;size&quot;:&quot;&quot;,&quot;sizes&quot;:[]},&quot;min_height_mobile&quot;:{&quot;unit&quot;:&quot;px&quot;,&quot;size&quot;:&quot;&quot;,&quot;sizes&quot;:[]}}\" data-widget_type=\"table-of-contents.default\">\n\t\t\t\t<div class=\"elementor-widget-container\">\n\t\t\t\t\t\t\t\t\t<div class=\"elementor-toc__header\">\n\t\t\t\t\t\t<h2 class=\"elementor-toc__header-title\">\n\t\t\t\tVacantes y Convocatorias abiertas\t\t\t<\/h2>\n\t\t\t\t\t\t\t\t<\/div>\n\t\t\t\t<div id=\"elementor-toc__73a9247\" class=\"elementor-toc__body\">\n\t\t\t<div class=\"elementor-toc__spinner-container\">\n\t\t\t\t<svg class=\"elementor-toc__spinner eicon-animation-spin e-font-icon-svg e-eicon-loading\" aria-hidden=\"true\" viewbox=\"0 0 1000 1000\" xmlns=\"http:\/\/www.w3.org\/2000\/svg\"><path d=\"M500 975V858C696 858 858 696 858 500S696 142 500 142 142 304 142 500H25C25 237 238 25 500 25S975 237 975 500 763 975 500 975Z\"><\/path><\/svg>\t\t\t<\/div>\n\t\t<\/div>\n\t\t\t\t\t\t<\/div>\n\t\t\t\t<\/div>\n\t\t\t\t\t<\/div>\n\t\t\t\t<\/div>\n\t\t<div class=\"elementor-element elementor-element-b913c2f e-flex e-con-boxed e-con e-parent\" data-id=\"b913c2f\" data-element_type=\"container\" data-e-type=\"container\">\n\t\t\t\t\t<div class=\"e-con-inner\">\n\t\t<div class=\"elementor-element elementor-element-c059c6a e-flex e-con-boxed e-con e-child\" data-id=\"c059c6a\" data-element_type=\"container\" data-e-type=\"container\">\n\t\t\t\t\t<div class=\"e-con-inner\">\n\t\t<div class=\"elementor-element elementor-element-8fbb2fe e-con-full e-flex e-con e-child\" data-id=\"8fbb2fe\" data-element_type=\"container\" data-e-type=\"container\">\n\t\t<div class=\"elementor-element elementor-element-8cc99f8 e-flex e-con-boxed e-con e-child\" data-id=\"8cc99f8\" data-element_type=\"container\" data-e-type=\"container\" data-settings=\"{&quot;background_background&quot;:&quot;classic&quot;}\">\n\t\t\t\t\t<div class=\"e-con-inner\">\n\t\t\t\t<div class=\"elementor-element elementor-element-e3fe65b elementor-cta--skin-classic elementor-animated-content elementor-bg-transform elementor-bg-transform-zoom-in elementor-widget elementor-widget-call-to-action\" data-id=\"e3fe65b\" data-element_type=\"widget\" data-e-type=\"widget\" data-widget_type=\"call-to-action.default\">\n\t\t\t\t<div class=\"elementor-widget-container\">\n\t\t\t\t\t\t\t<div class=\"elementor-cta\">\n\t\t\t\t\t<div class=\"elementor-cta__bg-wrapper\">\n\t\t\t\t<div class=\"elementor-cta__bg elementor-bg\" style=\"background-image: url(https:\/\/argon83portfolio.com\/marfundingles\/wp-content\/uploads\/2025\/10\/ConsultPPD-2-e1761091216649-1024x527.jpg);\" role=\"img\" aria-label=\"ConsultPPD (2)\"><\/div>\n\t\t\t\t<div class=\"elementor-cta__bg-overlay\"><\/div>\n\t\t\t<\/div>\n\t\t\t\t\t\t\t<div class=\"elementor-cta__content\">\n\t\t\t\t\n\t\t\t\t\n\t\t\t\t\n\t\t\t\t\t\t\t\t\t<div class=\"elementor-cta__button-wrapper elementor-cta__content-item elementor-content-item\">\n\t\t\t\t\t<a class=\"elementor-cta__button elementor-button elementor-size-\" href=\"https:\/\/marfund.org\/es\/wp-content\/uploads\/2025\/09\/TdR-Evaluacion-PPD-SGP-MAR-Fund_2025.pdf\" target=\"_blank\">\n\t\t\t\t\t\tT\u00c9RMINOS DE REFERENCIA\t\t\t\t\t<\/a>\n\t\t\t\t\t<\/div>\n\t\t\t\t\t\t\t<\/div>\n\t\t\t\t\t\t<\/div>\n\t\t\t\t\t\t<\/div>\n\t\t\t\t<\/div>\n\t\t\t\t\t<\/div>\n\t\t\t\t<\/div>\n\t\t\t\t<\/div>\n\t\t<div class=\"elementor-element elementor-element-ee1ac2f e-con-full e-flex e-con e-child\" data-id=\"ee1ac2f\" data-element_type=\"container\" data-e-type=\"container\">\n\t\t<div class=\"elementor-element elementor-element-40ec5e0 e-con-full e-flex e-con e-child\" data-id=\"40ec5e0\" data-element_type=\"container\" data-e-type=\"container\">\n\t\t<div class=\"elementor-element elementor-element-dc4970e e-con-full e-flex e-con e-child\" data-id=\"dc4970e\" data-element_type=\"container\" data-e-type=\"container\" data-settings=\"{&quot;background_background&quot;:&quot;classic&quot;}\">\n\t\t\t\t<div class=\"elementor-element elementor-element-740292d elementor-widget elementor-widget-heading\" data-id=\"740292d\" data-element_type=\"widget\" data-e-type=\"widget\" data-widget_type=\"heading.default\">\n\t\t\t\t<div class=\"elementor-widget-container\">\n\t\t\t\t\t<h5 class=\"elementor-heading-title elementor-size-default\">Consultor\u00eda de evaluaci\u00f3n externa del Programa de Peque\u00f1as Donaciones (PPD)<\/h5>\t\t\t\t<\/div>\n\t\t\t\t<\/div>\n\t\t\t\t<\/div>\n\t\t\t\t<\/div>\n\t\t<div class=\"elementor-element elementor-element-22c61f2 e-con-full e-flex e-con e-child\" data-id=\"22c61f2\" data-element_type=\"container\" data-e-type=\"container\" data-settings=\"{&quot;background_background&quot;:&quot;classic&quot;}\">\n\t\t\t\t<div class=\"elementor-element elementor-element-259a9c9 elementor-widget elementor-widget-text-editor\" data-id=\"259a9c9\" data-element_type=\"widget\" data-e-type=\"widget\" data-widget_type=\"text-editor.default\">\n\t\t\t\t<div class=\"elementor-widget-container\">\n\t\t\t\t\t\t\t\t\t<p style=\"text-align: left;\">El objetivo de la consultor\u00eda es realizar una evaluaci\u00f3n independiente ex post de una muestra de al menos 8 proyectos, distribuidos entre los cuatro pa\u00edses de la regi\u00f3n y financiados por el Programa de Peque\u00f1as Donaciones, correspondientes a las convocatorias 10\u00aa a la 15\u00aa, que ya han concluido sus actividades.<\/p><p style=\"text-align: left;\">La evaluaci\u00f3n se basar\u00e1 en los criterios de pertinencia, eficiencia, eficacia, impacto y sostenibilidad, y permitir\u00e1 obtener una valoraci\u00f3n externa de los principales resultados alcanzados, junto con recomendaciones para fortalecer y mejorar el dise\u00f1o y la implementaci\u00f3n futura del Programa.<\/p>\t\t\t\t\t\t\t\t<\/div>\n\t\t\t\t<\/div>\n\t\t<div class=\"elementor-element elementor-element-41baef8 e-con-full e-flex e-con e-child\" data-id=\"41baef8\" data-element_type=\"container\" data-e-type=\"container\">\n\t\t\t\t<div class=\"elementor-element elementor-element-c235fbe elementor-widget elementor-widget-button\" data-id=\"c235fbe\" data-element_type=\"widget\" data-e-type=\"widget\" data-widget_type=\"button.default\">\n\t\t\t\t<div class=\"elementor-widget-container\">\n\t\t\t\t\t\t\t\t\t<div class=\"elementor-button-wrapper\">\n\t\t\t\t\t<a class=\"elementor-button elementor-button-link elementor-size-sm\" href=\"https:\/\/marfund.org\/es\/wp-content\/uploads\/2025\/09\/TdR-Evaluacion-PPD-SGP-MAR-Fund_2025.pdf\" target=\"_blank\">\n\t\t\t\t\t\t<span class=\"elementor-button-content-wrapper\">\n\t\t\t\t\t\t\t\t\t<span class=\"elementor-button-text\">DESCARGAR T\u00c9RMINOS DE REFERENCIA<\/span>\n\t\t\t\t\t<\/span>\n\t\t\t\t\t<\/a>\n\t\t\t\t<\/div>\n\t\t\t\t\t\t\t\t<\/div>\n\t\t\t\t<\/div>\n\t\t\t\t<\/div>\n\t\t\t\t<\/div>\n\t\t<div class=\"elementor-element elementor-element-5d712cf e-con-full e-flex e-con e-child\" data-id=\"5d712cf\" data-element_type=\"container\" data-e-type=\"container\" data-settings=\"{&quot;background_background&quot;:&quot;classic&quot;}\">\n\t\t\t\t<div class=\"elementor-element elementor-element-8fecd38 elementor-widget elementor-widget-text-editor\" data-id=\"8fecd38\" data-element_type=\"widget\" data-e-type=\"widget\" data-widget_type=\"text-editor.default\">\n\t\t\t\t<div class=\"elementor-widget-container\">\n\t\t\t\t\t\t\t\t\t<h4 style=\"text-align: left;\">Contacto:<\/h4><p style=\"text-align: left;\">La fecha l\u00edmite para recibir la informaci\u00f3n requerida en formato Word o PDF es el 31 de octubre de 2025. Por favor rem\u00edtala a la oficial del Programa de Peque\u00f1as Donaciones de MAR Fund, Elisa Blanda, al correo electr\u00f3nico:\u00a0\u00a0<strong><a style=\"background-color: #ffffff;\" href=\"mailto:eblanda@marfund.org\" target=\"_blank\" rel=\"noopener\">eblanda@marfund.org<\/a><\/strong><\/p>\t\t\t\t\t\t\t\t<\/div>\n\t\t\t\t<\/div>\n\t\t\t\t<\/div>\n\t\t\t\t<\/div>\n\t\t\t\t\t<\/div>\n\t\t\t\t<\/div>\n\t\t\t\t<div class=\"elementor-element elementor-element-3cde555 elementor-widget elementor-widget-elementskit-back-to-top\" data-id=\"3cde555\" data-element_type=\"widget\" data-e-type=\"widget\" data-widget_type=\"elementskit-back-to-top.default\">\n\t\t\t\t<div class=\"elementor-widget-container\">\n\t\t\t\t\t<div class=\"ekit-wid-con\" >\t\t\t<div class=\"ekit-back-to-top-container ekit-btt icon_only\" data-settings=\"{&quot;offset_top&quot;:0,&quot;show_after&quot;:null,&quot;show_scroll&quot;:&quot;&quot;,&quot;style&quot;:&quot;icon_only&quot;,&quot;foreground&quot;:null,&quot;background&quot;:null}\"> \n\t\t\t\t<span class=\"ekit-btt__button\">\n\t\t\t\t\t<svg aria-hidden=\"true\" class=\"e-font-icon-svg e-fas-arrow-up\" viewbox=\"0 0 448 512\" xmlns=\"http:\/\/www.w3.org\/2000\/svg\"><path d=\"M34.9 289.5l-22.2-22.2c-9.4-9.4-9.4-24.6 0-33.9L207 39c9.4-9.4 24.6-9.4 33.9 0l194.3 194.3c9.4 9.4 9.4 24.6 0 33.9L413 289.4c-9.5 9.5-25 9.3-34.3-.4L264 168.6V456c0 13.3-10.7 24-24 24h-32c-13.3 0-24-10.7-24-24V168.6L69.2 289.1c-9.3 9.8-24.8 10-34.3.4z\"><\/path><\/svg>\t\t\t\t<\/span>\n\t\t\t<\/div>\n\t\t<\/div>\t\t\t\t<\/div>\n\t\t\t\t<\/div>\n\t\t\t\t\t<\/div>\n\t\t\t\t<\/div>\n\t\t\t\t<\/div>","protected":false},"excerpt":{"rendered":"<p>Bolsa de Empleo Foto: Fernando Perez Licea MAR Fund es una organizaci\u00f3n comprometida con la equidad y la diversidad en el lugar de trabajo.\u00a0 Nuestra pol\u00edtica de empleo garantiza que todas las decisiones \u2014desde la contrataci\u00f3n hasta el desarrollo profesional\u2014 se basan en el m\u00e9rito y las calificaciones individuales. Tenemos una pol\u00edtica de cero tolerancia [&hellip;]<\/p>","protected":false},"author":1,"featured_media":0,"parent":849,"menu_order":10,"comment_status":"closed","ping_status":"closed","template":"elementor_header_footer","meta":{"footnotes":""},"class_list":["post-10064","page","type-page","status-publish","hentry"],"_links":{"self":[{"href":"https:\/\/argon83portfolio.com\/marfundingles\/en\/wp-json\/wp\/v2\/pages\/10064","targetHints":{"allow":["GET"]}}],"collection":[{"href":"https:\/\/argon83portfolio.com\/marfundingles\/en\/wp-json\/wp\/v2\/pages"}],"about":[{"href":"https:\/\/argon83portfolio.com\/marfundingles\/en\/wp-json\/wp\/v2\/types\/page"}],"author":[{"embeddable":true,"href":"https:\/\/argon83portfolio.com\/marfundingles\/en\/wp-json\/wp\/v2\/users\/1"}],"replies":[{"embeddable":true,"href":"https:\/\/argon83portfolio.com\/marfundingles\/en\/wp-json\/wp\/v2\/comments?post=10064"}],"version-history":[{"count":136,"href":"https:\/\/argon83portfolio.com\/marfundingles\/en\/wp-json\/wp\/v2\/pages\/10064\/revisions"}],"predecessor-version":[{"id":21477,"href":"https:\/\/argon83portfolio.com\/marfundingles\/en\/wp-json\/wp\/v2\/pages\/10064\/revisions\/21477"}],"up":[{"embeddable":true,"href":"https:\/\/argon83portfolio.com\/marfundingles\/en\/wp-json\/wp\/v2\/pages\/849"}],"wp:attachment":[{"href":"https:\/\/argon83portfolio.com\/marfundingles\/en\/wp-json\/wp\/v2\/media?parent=10064"}],"curies":[{"name":"wp","href":"https:\/\/api.w.org\/{rel}","templated":true}]}}